{"id":301,"date":"2026-04-03T13:24:26","date_gmt":"2026-04-03T13:24:26","guid":{"rendered":"https:\/\/www.leos-augusta.com\/story-of-an-encounter\/"},"modified":"2026-04-03T15:09:10","modified_gmt":"2026-04-03T15:09:10","slug":"story-of-an-encounter","status":"publish","type":"page","link":"https:\/\/www.leos-augusta.com\/en\/story-of-an-encounter\/","title":{"rendered":"Story of an Encounter"},"content":{"rendered":"\t\t<div data-elementor-type=\"wp-page\" data-elementor-id=\"301\" class=\"elementor elementor-301 elementor-179\" data-elementor-post-type=\"page\">\n\t\t\t\t<div class=\"elementor-element elementor-element-16ce78c e-con-full e-flex e-con e-parent\" data-id=\"16ce78c\" data-element_type=\"container\" data-e-type=\"container\" data-settings=\"{&quot;background_background&quot;:&quot;classic&quot;}\">\n\t\t\t\t<\/div>\n\t\t<div class=\"elementor-element elementor-element-ddecd63 e-flex e-con-boxed e-con e-parent\" data-id=\"ddecd63\" data-element_type=\"container\" data-e-type=\"container\">\n\t\t\t\t\t<div class=\"e-con-inner\">\n\t\t\t\t<div class=\"elementor-element elementor-element-6cfc5b9 elementor-widget elementor-widget-image\" data-id=\"6cfc5b9\" data-element_type=\"widget\" data-e-type=\"widget\" data-widget_type=\"image.default\">\n\t\t\t\t\t\t\t\t\t\t\t\t\t\t\t<img fetchpriority=\"high\" decoding=\"async\" width=\"800\" height=\"600\" src=\"https:\/\/www.leos-augusta.com\/wp-content\/uploads\/2026\/04\/PB_NJ_echange_table_1.jpg\" class=\"attachment-large size-large wp-image-299\" alt=\"\" srcset=\"https:\/\/www.leos-augusta.com\/wp-content\/uploads\/2026\/04\/PB_NJ_echange_table_1.jpg 1024w, https:\/\/www.leos-augusta.com\/wp-content\/uploads\/2026\/04\/PB_NJ_echange_table_1-300x225.jpg 300w, https:\/\/www.leos-augusta.com\/wp-content\/uploads\/2026\/04\/PB_NJ_echange_table_1-768x576.jpg 768w\" sizes=\"(max-width: 800px) 100vw, 800px\" \/>\t\t\t\t\t\t\t\t\t\t\t\t\t\t\t<\/div>\n\t\t\t\t\t<\/div>\n\t\t\t\t<\/div>\n\t\t<div class=\"elementor-element elementor-element-c96ed28 e-con-full e-flex e-con e-parent\" data-id=\"c96ed28\" data-element_type=\"container\" data-e-type=\"container\" data-settings=\"{&quot;background_background&quot;:&quot;classic&quot;}\">\n\t\t<div class=\"elementor-element elementor-element-ac49832 e-con-full e-flex e-con e-child\" data-id=\"ac49832\" data-element_type=\"container\" data-e-type=\"container\" data-settings=\"{&quot;background_background&quot;:&quot;classic&quot;}\">\n\t\t\t\t<div class=\"elementor-element elementor-element-1e167a4 elementor-widget__width-initial elementor-widget elementor-widget-heading\" data-id=\"1e167a4\" data-element_type=\"widget\" data-e-type=\"widget\" data-widget_type=\"heading.default\">\n\t\t\t\t\t<h2 class=\"elementor-heading-title elementor-size-default\">STORY\nOF AN\nENCOUNTER<\/h2>\t\t\t\t<\/div>\n\t\t\t\t<\/div>\n\t\t<div class=\"elementor-element elementor-element-3d12fa8 e-con-full e-flex e-con e-child\" data-id=\"3d12fa8\" data-element_type=\"container\" data-e-type=\"container\" data-settings=\"{&quot;background_background&quot;:&quot;classic&quot;}\">\n\t\t\t\t<div class=\"elementor-element elementor-element-5c55337 elementor-widget__width-initial elementor-widget elementor-widget-heading\" data-id=\"5c55337\" data-element_type=\"widget\" data-e-type=\"widget\" data-widget_type=\"heading.default\">\n\t\t\t\t\t<div class=\"elementor-heading-title elementor-size-default\">A taste for authenticity and a passion for terroirs brought Patrick Bruel and Nicolas Jaboulet together to go further in their pursuit of excellence with LEOS \"Cuv\u00e9e Augusta\" Ros\u00e9 wine in 2022. Drawing inspiration from his white wines, Nicolas Jaboulet created this elegant, exceptionally pure ros\u00e9 wine with remarkable freshness and depth. Their shared commitment to pursuing excellence, their mutual appreciation for a gastronomic ros\u00e9, their passion for terroirs, and their strong dedication to a more sustainable economy brought them together and enabled them to combine their expertise to craft this exceptional organic ros\u00e9.<br><br>Then came LEOS \"Cuv\u00e9e Augusta\" white in 2023. A natural evolution of the range toward a white wine that balances the precision of acidity, the roundness of body, and the subtlety of oak aging.<br><br>The label recalls the essence of LEOS with the symbol of the Olive Tree, the starting point of this beautiful story. The sun rays drawn on the glass are there to give radiance to this bottle and evoke this Mediterranean terroir<\/div>\t\t\t\t<\/div>\n\t\t\t\t<\/div>\n\t\t\t\t<\/div>\n\t\t<div class=\"elementor-element elementor-element-7884846 e-flex e-con-boxed e-con e-parent\" data-id=\"7884846\" data-element_type=\"container\" data-e-type=\"container\">\n\t\t\t\t\t<div class=\"e-con-inner\">\n\t\t\t\t<div class=\"elementor-element elementor-element-b2fc835 elementor-widget elementor-widget-button\" data-id=\"b2fc835\" data-element_type=\"widget\" data-e-type=\"widget\" data-widget_type=\"button.default\">\n\t\t\t\t\t\t\t\t\t\t<a class=\"elementor-button elementor-button-link elementor-size-sm\" href=\"https:\/\/www.domainedeleos.com\">\n\t\t\t\t\t\t<span class=\"elementor-button-content-wrapper\">\n\t\t\t\t\t\t\t\t\t<span class=\"elementor-button-text\">Visit the Domaine de Leos website<\/span>\n\t\t\t\t\t<\/span>\n\t\t\t\t\t<\/a>\n\t\t\t\t\t\t\t\t<\/div>\n\t\t\t\t<div class=\"elementor-element elementor-element-83a8685 elementor-widget elementor-widget-button\" data-id=\"83a8685\" data-element_type=\"widget\" data-e-type=\"widget\" data-widget_type=\"button.default\">\n\t\t\t\t\t\t\t\t\t\t<a class=\"elementor-button elementor-button-link elementor-size-sm\" href=\"https:\/\/m.lesalexandrins.com\/\">\n\t\t\t\t\t\t<span class=\"elementor-button-content-wrapper\">\n\t\t\t\t\t\t\t\t\t<span class=\"elementor-button-text\">Visit the Alexandrins website<\/span>\n\t\t\t\t\t<\/span>\n\t\t\t\t\t<\/a>\n\t\t\t\t\t\t\t\t<\/div>\n\t\t\t\t\t<\/div>\n\t\t\t\t<\/div>\n\t\t<div class=\"elementor-element elementor-element-fcb8aeb e-con-full e-flex e-con e-parent\" data-id=\"fcb8aeb\" data-element_type=\"container\" data-e-type=\"container\" data-settings=\"{&quot;background_background&quot;:&quot;classic&quot;}\">\n\t\t\t\t<\/div>\n\t\t\t\t<\/div>\n\t\t","protected":false},"excerpt":{"rendered":"<p>STORY OF AN ENCOUNTER A taste for authenticity and a passion for terroirs brought Patrick Bruel and Nicolas Jaboulet together to go further in their pursuit of excellence with LEOS &#8220;Cuv\u00e9e Augusta&#8221; Ros\u00e9 wine in 2022. Drawing inspiration from his white wines, Nicolas Jaboulet created this elegant, exceptionally pure ros\u00e9 wine with remarkable freshness and [&hellip;]<\/p>\n","protected":false},"author":1,"featured_media":0,"parent":0,"menu_order":0,"comment_status":"closed","ping_status":"closed","template":"","meta":{"footnotes":""},"class_list":["post-301","page","type-page","status-publish","hentry"],"_links":{"self":[{"href":"https:\/\/www.leos-augusta.com\/en\/wp-json\/wp\/v2\/pages\/301","targetHints":{"allow":["GET"]}}],"collection":[{"href":"https:\/\/www.leos-augusta.com\/en\/wp-json\/wp\/v2\/pages"}],"about":[{"href":"https:\/\/www.leos-augusta.com\/en\/wp-json\/wp\/v2\/types\/page"}],"author":[{"embeddable":true,"href":"https:\/\/www.leos-augusta.com\/en\/wp-json\/wp\/v2\/users\/1"}],"replies":[{"embeddable":true,"href":"https:\/\/www.leos-augusta.com\/en\/wp-json\/wp\/v2\/comments?post=301"}],"version-history":[{"count":2,"href":"https:\/\/www.leos-augusta.com\/en\/wp-json\/wp\/v2\/pages\/301\/revisions"}],"predecessor-version":[{"id":376,"href":"https:\/\/www.leos-augusta.com\/en\/wp-json\/wp\/v2\/pages\/301\/revisions\/376"}],"wp:attachment":[{"href":"https:\/\/www.leos-augusta.com\/en\/wp-json\/wp\/v2\/media?parent=301"}],"curies":[{"name":"wp","href":"https:\/\/api.w.org\/{rel}","templated":true}]}}